{"id":563,"date":"2021-04-20T13:33:18","date_gmt":"2021-04-20T13:33:18","guid":{"rendered":"https:\/\/shop.murprotec.be\/product\/producten-onderhoud\/"},"modified":"2024-03-05T12:48:44","modified_gmt":"2024-03-05T12:48:44","slug":"entretien","status":"publish","type":"product","link":"https:\/\/shop.murprotec.be\/fr\/produit\/entretien\/","title":{"rendered":"Entretien"},"content":{"rendered":"<h2>Un entretien professionnel avec Murprotec<\/h2>\n<p>La ventilation de votre maison est essentielle dans la lutte contre <a href=\"https:\/\/shop.murprotec.be\/fr\/conseils-dentretien\/\">l\u2019humidit\u00e9<\/a> et d\u00e8s lors, pour votre sant\u00e9. Un syst\u00e8me de traitement de l\u2019air est la premi\u00e8re \u00e9tape. La maintenance de votre syst\u00e8me est un facteur d\u00e9terminant pour le fonctionnement optimal de l\u2019appareil. Ce n\u2019est qu\u2019alors que votre installation pourra renouveler et purifier l\u2019air int\u00e9rieur de fa\u00e7on appropri\u00e9e.<\/p>\n<p>Outre l\u2019entretien mensuel, nous vous recommandons de faire v\u00e9rifier votre installation chaque ann\u00e9e par un technicien qualifi\u00e9. Nos techniciens Murprotec sont \u00e0 votre disposition. Vous aurez ainsi la tranquillit\u00e9 d\u2019esprit :<\/p>\n<ul>\n<li>Gain de temps<\/li>\n<li>Expertise<\/li>\n<li>Une ann\u00e9e insouciante<\/li>\n<li>Garantie prix\/qualit\u00e9<\/li>\n<\/ul>\n<p>&nbsp;<\/p>\n<p>Notre prix pour l\u2019entretien inclut les produits, la main-d\u2019\u0153uvre et les frais de d\u00e9placement. Le prix des filtres n\u2019est toutefois pas inclus.<\/p>\n","protected":false},"excerpt":{"rendered":"<p>Un entretien professionnel avec Murprotec La ventilation de votre maison est essentielle dans la lutte contre l\u2019humidit\u00e9 et d\u00e8s lors, pour votre sant\u00e9. Un syst\u00e8me de traitement de l\u2019air est la premi\u00e8re \u00e9tape. La maintenance de votre syst\u00e8me est un facteur d\u00e9terminant pour le fonctionnement optimal de l\u2019appareil. Ce n\u2019est qu\u2019alors que votre installation pourra &#8230; <a href=\"https:\/\/shop.murprotec.be\/fr\/produit\/entretien\/\">Continue Reading  &raquo;<\/a><\/p>\n","protected":false},"featured_media":2464,"template":"","meta":{"_acf_changed":false,"_themeisle_gutenberg_block_has_review":false},"product_brand":[],"product_cat":[38],"product_tag":[],"class_list":{"0":"post-563","1":"product","2":"type-product","3":"status-publish","4":"has-post-thumbnail","6":"product_cat-uncategorized-nl-fr","7":"product_shipping_class-free-shipping-fr","9":"first","10":"instock","11":"taxable","12":"shipping-taxable","13":"purchasable","14":"product-type-variable"},"acf":[],"yoast_head":"<!-- This site is optimized with the Yoast SEO plugin v27.1.1 - https:\/\/yoast.com\/product\/yoast-seo-wordpress\/ -->\n<title>Filtres | Achetez votre maintenance CTA ici | Murprotec<\/title>\n<meta name=\"description\" content=\"Chaque syst\u00e8me de traitement de l\u2019air n\u00e9cessite un entretien annuel pour assurer une ventilation ad\u00e9quate. Demandez un entretien professionnel \u00e0 Murprotec.\u00a0\" \/>\n<meta name=\"robots\" content=\"index, follow, max-snippet:-1, max-image-preview:large, max-video-preview:-1\" \/>\n<link rel=\"canonical\" href=\"https:\/\/shop.murprotec.be\/fr\/produit\/entretien\/\" \/>\n<meta property=\"og:locale\" content=\"fr_FR\" \/>\n<meta property=\"og:type\" content=\"article\" \/>\n<meta property=\"og:title\" content=\"Filtres | Achetez votre maintenance CTA ici | Murprotec\" \/>\n<meta property=\"og:description\" content=\"Chaque syst\u00e8me de traitement de l\u2019air n\u00e9cessite un entretien annuel pour assurer une ventilation ad\u00e9quate. Demandez un entretien professionnel \u00e0 Murprotec.\u00a0\" \/>\n<meta property=\"og:url\" content=\"https:\/\/shop.murprotec.be\/fr\/produit\/entretien\/\" \/>\n<meta property=\"og:site_name\" content=\"Murprotec\" \/>\n<meta property=\"article:modified_time\" content=\"2024-03-05T12:48:44+00:00\" \/>\n<meta property=\"og:image\" content=\"https:\/\/shop.murprotec.be\/app\/uploads\/2021\/04\/img4.png\" \/>\n\t<meta property=\"og:image:width\" content=\"313\" \/>\n\t<meta property=\"og:image:height\" content=\"207\" \/>\n\t<meta property=\"og:image:type\" content=\"image\/png\" \/>\n<meta name=\"twitter:card\" content=\"summary_large_image\" \/>\n<meta name=\"twitter:label1\" content=\"Est. reading time\" \/>\n\t<meta name=\"twitter:data1\" content=\"1 minute\" \/>\n<script type=\"application\/ld+json\" class=\"yoast-schema-graph\">{\"@context\":\"https:\/\/schema.org\",\"@graph\":[{\"@type\":\"WebPage\",\"@id\":\"https:\/\/shop.murprotec.be\/fr\/produit\/entretien\/\",\"url\":\"https:\/\/shop.murprotec.be\/fr\/produit\/entretien\/\",\"name\":\"Filtres | Achetez votre maintenance CTA ici | Murprotec\",\"isPartOf\":{\"@id\":\"https:\/\/shop.murprotec.be\/fr\/#website\"},\"primaryImageOfPage\":{\"@id\":\"https:\/\/shop.murprotec.be\/fr\/produit\/entretien\/#primaryimage\"},\"image\":{\"@id\":\"https:\/\/shop.murprotec.be\/fr\/produit\/entretien\/#primaryimage\"},\"thumbnailUrl\":\"https:\/\/shop.murprotec.be\/app\/uploads\/2021\/04\/onderhoud_new.png\",\"datePublished\":\"2021-04-20T13:33:18+00:00\",\"dateModified\":\"2024-03-05T12:48:44+00:00\",\"description\":\"Chaque syst\u00e8me de traitement de l\u2019air n\u00e9cessite un entretien annuel pour assurer une ventilation ad\u00e9quate. Demandez un entretien professionnel \u00e0 Murprotec.\u00a0\",\"breadcrumb\":{\"@id\":\"https:\/\/shop.murprotec.be\/fr\/produit\/entretien\/#breadcrumb\"},\"inLanguage\":\"fr-BE\",\"potentialAction\":[{\"@type\":\"ReadAction\",\"target\":[\"https:\/\/shop.murprotec.be\/fr\/produit\/entretien\/\"]}]},{\"@type\":\"ImageObject\",\"inLanguage\":\"fr-BE\",\"@id\":\"https:\/\/shop.murprotec.be\/fr\/produit\/entretien\/#primaryimage\",\"url\":\"https:\/\/shop.murprotec.be\/app\/uploads\/2021\/04\/onderhoud_new.png\",\"contentUrl\":\"https:\/\/shop.murprotec.be\/app\/uploads\/2021\/04\/onderhoud_new.png\",\"width\":1200,\"height\":801},{\"@type\":\"BreadcrumbList\",\"@id\":\"https:\/\/shop.murprotec.be\/fr\/produit\/entretien\/#breadcrumb\",\"itemListElement\":[{\"@type\":\"ListItem\",\"position\":1,\"name\":\"Produits\",\"item\":\"https:\/\/shop.murprotec.be\/fr\/produit\/\"},{\"@type\":\"ListItem\",\"position\":2,\"name\":\"Entretien\"}]},{\"@type\":\"WebSite\",\"@id\":\"https:\/\/shop.murprotec.be\/fr\/#website\",\"url\":\"https:\/\/shop.murprotec.be\/fr\/\",\"name\":\"Murprotec\",\"description\":\"Just another WordPress site\",\"potentialAction\":[{\"@type\":\"SearchAction\",\"target\":{\"@type\":\"EntryPoint\",\"urlTemplate\":\"https:\/\/shop.murprotec.be\/fr\/?s={search_term_string}\"},\"query-input\":{\"@type\":\"PropertyValueSpecification\",\"valueRequired\":true,\"valueName\":\"search_term_string\"}}],\"inLanguage\":\"fr-BE\"}]}<\/script>\n<!-- \/ Yoast SEO plugin. -->","yoast_head_json":{"title":"Filtres | Achetez votre maintenance CTA ici | Murprotec","description":"Chaque syst\u00e8me de traitement de l\u2019air n\u00e9cessite un entretien annuel pour assurer une ventilation ad\u00e9quate. Demandez un entretien professionnel \u00e0 Murprotec.\u00a0","robots":{"index":"index","follow":"follow","max-snippet":"max-snippet:-1","max-image-preview":"max-image-preview:large","max-video-preview":"max-video-preview:-1"},"canonical":"https:\/\/shop.murprotec.be\/fr\/produit\/entretien\/","og_locale":"fr_FR","og_type":"article","og_title":"Filtres | Achetez votre maintenance CTA ici | Murprotec","og_description":"Chaque syst\u00e8me de traitement de l\u2019air n\u00e9cessite un entretien annuel pour assurer une ventilation ad\u00e9quate. Demandez un entretien professionnel \u00e0 Murprotec.\u00a0","og_url":"https:\/\/shop.murprotec.be\/fr\/produit\/entretien\/","og_site_name":"Murprotec","article_modified_time":"2024-03-05T12:48:44+00:00","og_image":[{"width":313,"height":207,"url":"https:\/\/shop.murprotec.be\/app\/uploads\/2021\/04\/img4.png","type":"image\/png"}],"twitter_card":"summary_large_image","twitter_misc":{"Est. reading time":"1 minute"},"schema":{"@context":"https:\/\/schema.org","@graph":[{"@type":"WebPage","@id":"https:\/\/shop.murprotec.be\/fr\/produit\/entretien\/","url":"https:\/\/shop.murprotec.be\/fr\/produit\/entretien\/","name":"Filtres | Achetez votre maintenance CTA ici | Murprotec","isPartOf":{"@id":"https:\/\/shop.murprotec.be\/fr\/#website"},"primaryImageOfPage":{"@id":"https:\/\/shop.murprotec.be\/fr\/produit\/entretien\/#primaryimage"},"image":{"@id":"https:\/\/shop.murprotec.be\/fr\/produit\/entretien\/#primaryimage"},"thumbnailUrl":"https:\/\/shop.murprotec.be\/app\/uploads\/2021\/04\/onderhoud_new.png","datePublished":"2021-04-20T13:33:18+00:00","dateModified":"2024-03-05T12:48:44+00:00","description":"Chaque syst\u00e8me de traitement de l\u2019air n\u00e9cessite un entretien annuel pour assurer une ventilation ad\u00e9quate. Demandez un entretien professionnel \u00e0 Murprotec.\u00a0","breadcrumb":{"@id":"https:\/\/shop.murprotec.be\/fr\/produit\/entretien\/#breadcrumb"},"inLanguage":"fr-BE","potentialAction":[{"@type":"ReadAction","target":["https:\/\/shop.murprotec.be\/fr\/produit\/entretien\/"]}]},{"@type":"ImageObject","inLanguage":"fr-BE","@id":"https:\/\/shop.murprotec.be\/fr\/produit\/entretien\/#primaryimage","url":"https:\/\/shop.murprotec.be\/app\/uploads\/2021\/04\/onderhoud_new.png","contentUrl":"https:\/\/shop.murprotec.be\/app\/uploads\/2021\/04\/onderhoud_new.png","width":1200,"height":801},{"@type":"BreadcrumbList","@id":"https:\/\/shop.murprotec.be\/fr\/produit\/entretien\/#breadcrumb","itemListElement":[{"@type":"ListItem","position":1,"name":"Produits","item":"https:\/\/shop.murprotec.be\/fr\/produit\/"},{"@type":"ListItem","position":2,"name":"Entretien"}]},{"@type":"WebSite","@id":"https:\/\/shop.murprotec.be\/fr\/#website","url":"https:\/\/shop.murprotec.be\/fr\/","name":"Murprotec","description":"Just another WordPress site","potentialAction":[{"@type":"SearchAction","target":{"@type":"EntryPoint","urlTemplate":"https:\/\/shop.murprotec.be\/fr\/?s={search_term_string}"},"query-input":{"@type":"PropertyValueSpecification","valueRequired":true,"valueName":"search_term_string"}}],"inLanguage":"fr-BE"}]}},"_links":{"self":[{"href":"https:\/\/shop.murprotec.be\/fr\/wp-json\/wp\/v2\/product\/563","targetHints":{"allow":["GET"]}}],"collection":[{"href":"https:\/\/shop.murprotec.be\/fr\/wp-json\/wp\/v2\/product"}],"about":[{"href":"https:\/\/shop.murprotec.be\/fr\/wp-json\/wp\/v2\/types\/product"}],"wp:featuredmedia":[{"embeddable":true,"href":"https:\/\/shop.murprotec.be\/fr\/wp-json\/wp\/v2\/media\/2464"}],"wp:attachment":[{"href":"https:\/\/shop.murprotec.be\/fr\/wp-json\/wp\/v2\/media?parent=563"}],"wp:term":[{"taxonomy":"product_brand","embeddable":true,"href":"https:\/\/shop.murprotec.be\/fr\/wp-json\/wp\/v2\/product_brand?post=563"},{"taxonomy":"product_cat","embeddable":true,"href":"https:\/\/shop.murprotec.be\/fr\/wp-json\/wp\/v2\/product_cat?post=563"},{"taxonomy":"product_tag","embeddable":true,"href":"https:\/\/shop.murprotec.be\/fr\/wp-json\/wp\/v2\/product_tag?post=563"}],"curies":[{"name":"wp","href":"https:\/\/api.w.org\/{rel}","templated":true}]}}