{"id":561,"date":"2021-04-14T11:41:41","date_gmt":"2021-04-14T11:41:41","guid":{"rendered":"https:\/\/shop.murprotec.be\/product\/producten-iat-filter\/"},"modified":"2024-06-24T14:25:35","modified_gmt":"2024-06-24T14:25:35","slug":"filtre-iat","status":"publish","type":"product","link":"https:\/\/shop.murprotec.be\/fr\/produit\/filtre-iat\/","title":{"rendered":"Filtre IAT"},"content":{"rendered":"<h2>Description<\/h2>\n<p>Afin de veiller \u00e0 ce que le syst\u00e8me de traitement de l\u2019air continue de fonctionner comme il se doit, il est important de bien <a href=\"https:\/\/shop.murprotec.be\/fr\/conseils-dentretien\/\">l\u2019entretenir<\/a>. Le <strong>remplacement des filtres<\/strong> est essentiel \u00e0 une bonne filtration.<\/p>\n<p>Les filtres de cet <strong>IAT<\/strong> doivent \u00eatre remplac\u00e9s environ <strong>tous les 6 mois<\/strong>, en fonction des caract\u00e9ristiques de l\u2019environnement et de l\u2019habitation. N\u2019h\u00e9sitez pas \u00e0 demander des conseils d\u2019entretien \u00e0 l\u2019un de nos experts.<\/p>\n<ul>\n<li><strong>Dimensions<\/strong>: 285x65x40 mm ou 300x75x10 mm.<\/li>\n<li><strong>Disponibilit\u00e9<\/strong>: en stock<\/li>\n<li><strong>Mat\u00e9riau<\/strong>: feutre<\/li>\n<li><strong>D\u00e9lai de livraison moyen:<\/strong> 2-3 jours ouvr\u00e9s apr\u00e8s l\u2019exp\u00e9dition<\/li>\n<li><strong>Frais d\u2019exp\u00e9dition en Belgique: <\/strong>\u20ac 6,23.<\/li>\n<\/ul>\n<h2>Le bon filtre au bon endroit<\/h2>\n<p>Nos syst\u00e8mes de traitement de l\u2019air ont \u00e9t\u00e9 con\u00e7us et d\u00e9velopp\u00e9s par notre d\u00e9partement R&amp;D. Notre syst\u00e8me CTA est unique en son genre et n\u2019est d\u00e8s lors pas compatible avec les filtres de marques de distributeur ou autres. L\u2019installation de filtres inappropri\u00e9s induit certains risques. Il nous est donc impossible de garantir que ces filtres n\u2019endommageront pas le syst\u00e8me de traitement de l\u2019air de votre habitation. En outre, nous n\u2019avons aucune influence sur le bon fonctionnement et la qualit\u00e9 des filtres provenant d\u2019autres marques.<\/p>\n<p>L\u2019utilisation de filtres inappropri\u00e9s annule la garantie du syst\u00e8me CTA.<\/p>\n","protected":false},"excerpt":{"rendered":"<p>Description Afin de veiller \u00e0 ce que le syst\u00e8me de traitement de l\u2019air continue de fonctionner comme il se doit, il est important de bien l\u2019entretenir. Le remplacement des filtres est essentiel \u00e0 une bonne filtration. Les filtres de cet IAT doivent \u00eatre remplac\u00e9s environ tous les 6 mois, en fonction des caract\u00e9ristiques de l\u2019environnement &#8230; <a href=\"https:\/\/shop.murprotec.be\/fr\/produit\/filtre-iat\/\">Continue Reading  &raquo;<\/a><\/p>\n","protected":false},"featured_media":2436,"template":"","meta":{"_acf_changed":false,"_themeisle_gutenberg_block_has_review":false},"product_brand":[],"product_cat":[38],"product_tag":[],"class_list":{"0":"post-561","1":"product","2":"type-product","3":"status-publish","4":"has-post-thumbnail","6":"product_cat-uncategorized-nl-fr","7":"product_shipping_class-regular-shipping-fr","9":"first","10":"instock","11":"taxable","12":"shipping-taxable","13":"purchasable","14":"product-type-simple"},"acf":[],"yoast_head":"<!-- This site is optimized with the Yoast SEO plugin v27.1.1 - https:\/\/yoast.com\/product\/yoast-seo-wordpress\/ -->\n<title>Filtres | Acheter filtre IAT | Murprotec | Boutique en ligne<\/title>\n<meta name=\"description\" content=\"Chaque syst\u00e8me de traitement de l\u2019air n\u00e9cessite un entretien mensuel. De plus, remplacez les filtres de votre syst\u00e8me IAT en temps opportun pour \u00e9viter toute panne.\u00a0\" \/>\n<meta name=\"robots\" content=\"index, follow, max-snippet:-1, max-image-preview:large, max-video-preview:-1\" \/>\n<link rel=\"canonical\" href=\"https:\/\/shop.murprotec.be\/fr\/produit\/filtre-iat\/\" \/>\n<meta property=\"og:locale\" content=\"fr_FR\" \/>\n<meta property=\"og:type\" content=\"article\" \/>\n<meta property=\"og:title\" content=\"Filtres | Acheter filtre IAT | Murprotec | Boutique en ligne\" \/>\n<meta property=\"og:description\" content=\"Chaque syst\u00e8me de traitement de l\u2019air n\u00e9cessite un entretien mensuel. De plus, remplacez les filtres de votre syst\u00e8me IAT en temps opportun pour \u00e9viter toute panne.\u00a0\" \/>\n<meta property=\"og:url\" content=\"https:\/\/shop.murprotec.be\/fr\/produit\/filtre-iat\/\" \/>\n<meta property=\"og:site_name\" content=\"Murprotec\" \/>\n<meta property=\"article:modified_time\" content=\"2024-06-24T14:25:35+00:00\" \/>\n<meta property=\"og:image\" content=\"https:\/\/shop.murprotec.be\/app\/uploads\/2021\/04\/IAT.png\" \/>\n\t<meta property=\"og:image:width\" content=\"900\" \/>\n\t<meta property=\"og:image:height\" content=\"900\" \/>\n\t<meta property=\"og:image:type\" content=\"image\/png\" \/>\n<meta name=\"twitter:card\" content=\"summary_large_image\" \/>\n<meta name=\"twitter:label1\" content=\"Est. reading time\" \/>\n\t<meta name=\"twitter:data1\" content=\"1 minute\" \/>\n<script type=\"application\/ld+json\" class=\"yoast-schema-graph\">{\"@context\":\"https:\/\/schema.org\",\"@graph\":[{\"@type\":\"WebPage\",\"@id\":\"https:\/\/shop.murprotec.be\/fr\/produit\/filtre-iat\/\",\"url\":\"https:\/\/shop.murprotec.be\/fr\/produit\/filtre-iat\/\",\"name\":\"Filtres | Acheter filtre IAT | Murprotec | Boutique en ligne\",\"isPartOf\":{\"@id\":\"https:\/\/shop.murprotec.be\/fr\/#website\"},\"primaryImageOfPage\":{\"@id\":\"https:\/\/shop.murprotec.be\/fr\/produit\/filtre-iat\/#primaryimage\"},\"image\":{\"@id\":\"https:\/\/shop.murprotec.be\/fr\/produit\/filtre-iat\/#primaryimage\"},\"thumbnailUrl\":\"https:\/\/shop.murprotec.be\/app\/uploads\/2024\/09\/cta-iat_thumbnail_new.png\",\"datePublished\":\"2021-04-14T11:41:41+00:00\",\"dateModified\":\"2024-06-24T14:25:35+00:00\",\"description\":\"Chaque syst\u00e8me de traitement de l\u2019air n\u00e9cessite un entretien mensuel. De plus, remplacez les filtres de votre syst\u00e8me IAT en temps opportun pour \u00e9viter toute panne.\u00a0\",\"breadcrumb\":{\"@id\":\"https:\/\/shop.murprotec.be\/fr\/produit\/filtre-iat\/#breadcrumb\"},\"inLanguage\":\"fr-BE\",\"potentialAction\":[{\"@type\":\"ReadAction\",\"target\":[\"https:\/\/shop.murprotec.be\/fr\/produit\/filtre-iat\/\"]}]},{\"@type\":\"ImageObject\",\"inLanguage\":\"fr-BE\",\"@id\":\"https:\/\/shop.murprotec.be\/fr\/produit\/filtre-iat\/#primaryimage\",\"url\":\"https:\/\/shop.murprotec.be\/app\/uploads\/2024\/09\/cta-iat_thumbnail_new.png\",\"contentUrl\":\"https:\/\/shop.murprotec.be\/app\/uploads\/2024\/09\/cta-iat_thumbnail_new.png\",\"width\":1080,\"height\":958},{\"@type\":\"BreadcrumbList\",\"@id\":\"https:\/\/shop.murprotec.be\/fr\/produit\/filtre-iat\/#breadcrumb\",\"itemListElement\":[{\"@type\":\"ListItem\",\"position\":1,\"name\":\"Produits\",\"item\":\"https:\/\/shop.murprotec.be\/fr\/produit\/\"},{\"@type\":\"ListItem\",\"position\":2,\"name\":\"Filtre IAT\"}]},{\"@type\":\"WebSite\",\"@id\":\"https:\/\/shop.murprotec.be\/fr\/#website\",\"url\":\"https:\/\/shop.murprotec.be\/fr\/\",\"name\":\"Murprotec\",\"description\":\"Just another WordPress site\",\"potentialAction\":[{\"@type\":\"SearchAction\",\"target\":{\"@type\":\"EntryPoint\",\"urlTemplate\":\"https:\/\/shop.murprotec.be\/fr\/?s={search_term_string}\"},\"query-input\":{\"@type\":\"PropertyValueSpecification\",\"valueRequired\":true,\"valueName\":\"search_term_string\"}}],\"inLanguage\":\"fr-BE\"}]}<\/script>\n<!-- \/ Yoast SEO plugin. -->","yoast_head_json":{"title":"Filtres | Acheter filtre IAT | Murprotec | Boutique en ligne","description":"Chaque syst\u00e8me de traitement de l\u2019air n\u00e9cessite un entretien mensuel. De plus, remplacez les filtres de votre syst\u00e8me IAT en temps opportun pour \u00e9viter toute panne.\u00a0","robots":{"index":"index","follow":"follow","max-snippet":"max-snippet:-1","max-image-preview":"max-image-preview:large","max-video-preview":"max-video-preview:-1"},"canonical":"https:\/\/shop.murprotec.be\/fr\/produit\/filtre-iat\/","og_locale":"fr_FR","og_type":"article","og_title":"Filtres | Acheter filtre IAT | Murprotec | Boutique en ligne","og_description":"Chaque syst\u00e8me de traitement de l\u2019air n\u00e9cessite un entretien mensuel. De plus, remplacez les filtres de votre syst\u00e8me IAT en temps opportun pour \u00e9viter toute panne.\u00a0","og_url":"https:\/\/shop.murprotec.be\/fr\/produit\/filtre-iat\/","og_site_name":"Murprotec","article_modified_time":"2024-06-24T14:25:35+00:00","og_image":[{"width":900,"height":900,"url":"https:\/\/shop.murprotec.be\/app\/uploads\/2021\/04\/IAT.png","type":"image\/png"}],"twitter_card":"summary_large_image","twitter_misc":{"Est. reading time":"1 minute"},"schema":{"@context":"https:\/\/schema.org","@graph":[{"@type":"WebPage","@id":"https:\/\/shop.murprotec.be\/fr\/produit\/filtre-iat\/","url":"https:\/\/shop.murprotec.be\/fr\/produit\/filtre-iat\/","name":"Filtres | Acheter filtre IAT | Murprotec | Boutique en ligne","isPartOf":{"@id":"https:\/\/shop.murprotec.be\/fr\/#website"},"primaryImageOfPage":{"@id":"https:\/\/shop.murprotec.be\/fr\/produit\/filtre-iat\/#primaryimage"},"image":{"@id":"https:\/\/shop.murprotec.be\/fr\/produit\/filtre-iat\/#primaryimage"},"thumbnailUrl":"https:\/\/shop.murprotec.be\/app\/uploads\/2024\/09\/cta-iat_thumbnail_new.png","datePublished":"2021-04-14T11:41:41+00:00","dateModified":"2024-06-24T14:25:35+00:00","description":"Chaque syst\u00e8me de traitement de l\u2019air n\u00e9cessite un entretien mensuel. De plus, remplacez les filtres de votre syst\u00e8me IAT en temps opportun pour \u00e9viter toute panne.\u00a0","breadcrumb":{"@id":"https:\/\/shop.murprotec.be\/fr\/produit\/filtre-iat\/#breadcrumb"},"inLanguage":"fr-BE","potentialAction":[{"@type":"ReadAction","target":["https:\/\/shop.murprotec.be\/fr\/produit\/filtre-iat\/"]}]},{"@type":"ImageObject","inLanguage":"fr-BE","@id":"https:\/\/shop.murprotec.be\/fr\/produit\/filtre-iat\/#primaryimage","url":"https:\/\/shop.murprotec.be\/app\/uploads\/2024\/09\/cta-iat_thumbnail_new.png","contentUrl":"https:\/\/shop.murprotec.be\/app\/uploads\/2024\/09\/cta-iat_thumbnail_new.png","width":1080,"height":958},{"@type":"BreadcrumbList","@id":"https:\/\/shop.murprotec.be\/fr\/produit\/filtre-iat\/#breadcrumb","itemListElement":[{"@type":"ListItem","position":1,"name":"Produits","item":"https:\/\/shop.murprotec.be\/fr\/produit\/"},{"@type":"ListItem","position":2,"name":"Filtre IAT"}]},{"@type":"WebSite","@id":"https:\/\/shop.murprotec.be\/fr\/#website","url":"https:\/\/shop.murprotec.be\/fr\/","name":"Murprotec","description":"Just another WordPress site","potentialAction":[{"@type":"SearchAction","target":{"@type":"EntryPoint","urlTemplate":"https:\/\/shop.murprotec.be\/fr\/?s={search_term_string}"},"query-input":{"@type":"PropertyValueSpecification","valueRequired":true,"valueName":"search_term_string"}}],"inLanguage":"fr-BE"}]}},"_links":{"self":[{"href":"https:\/\/shop.murprotec.be\/fr\/wp-json\/wp\/v2\/product\/561","targetHints":{"allow":["GET"]}}],"collection":[{"href":"https:\/\/shop.murprotec.be\/fr\/wp-json\/wp\/v2\/product"}],"about":[{"href":"https:\/\/shop.murprotec.be\/fr\/wp-json\/wp\/v2\/types\/product"}],"wp:featuredmedia":[{"embeddable":true,"href":"https:\/\/shop.murprotec.be\/fr\/wp-json\/wp\/v2\/media\/2436"}],"wp:attachment":[{"href":"https:\/\/shop.murprotec.be\/fr\/wp-json\/wp\/v2\/media?parent=561"}],"wp:term":[{"taxonomy":"product_brand","embeddable":true,"href":"https:\/\/shop.murprotec.be\/fr\/wp-json\/wp\/v2\/product_brand?post=561"},{"taxonomy":"product_cat","embeddable":true,"href":"https:\/\/shop.murprotec.be\/fr\/wp-json\/wp\/v2\/product_cat?post=561"},{"taxonomy":"product_tag","embeddable":true,"href":"https:\/\/shop.murprotec.be\/fr\/wp-json\/wp\/v2\/product_tag?post=561"}],"curies":[{"name":"wp","href":"https:\/\/api.w.org\/{rel}","templated":true}]}}