{"id":548,"date":"2021-04-09T13:24:16","date_gmt":"2021-04-09T13:24:16","guid":{"rendered":"https:\/\/shop.murprotec.be\/veelgestelde-vragen\/"},"modified":"2024-01-31T14:44:50","modified_gmt":"2024-01-31T14:44:50","slug":"foire-aux-questions","status":"publish","type":"page","link":"https:\/\/shop.murprotec.be\/fr\/foire-aux-questions\/","title":{"rendered":"Foire aux questions"},"content":{"rendered":"","protected":false},"excerpt":{"rendered":"","protected":false},"author":28,"featured_media":0,"parent":0,"menu_order":13,"comment_status":"closed","ping_status":"closed","template":"","meta":{"_acf_changed":false,"_themeisle_gutenberg_block_has_review":false,"footnotes":""},"class_list":["post-548","page","type-page","status-publish","hentry"],"acf":[],"yoast_head":"<!-- This site is optimized with the Yoast SEO plugin v27.1.1 - https:\/\/yoast.com\/product\/yoast-seo-wordpress\/ -->\n<title>Questions fr\u00e9quentes sur les filtres | Murprotec | Boutique en ligne<\/title>\n<meta name=\"description\" content=\"Murprotec r\u00e9pond aux questions les plus fr\u00e9quemment pos\u00e9es pour vous. Parcourez notre FAQ. Vous y trouverez peut-\u00eatre la r\u00e9ponse \u00e0 votre question.\u00a0\" \/>\n<meta name=\"robots\" content=\"index, follow, max-snippet:-1, max-image-preview:large, max-video-preview:-1\" \/>\n<link rel=\"canonical\" href=\"https:\/\/shop.murprotec.be\/fr\/foire-aux-questions\/\" \/>\n<meta property=\"og:locale\" content=\"fr_FR\" \/>\n<meta property=\"og:type\" content=\"article\" \/>\n<meta property=\"og:title\" content=\"Questions fr\u00e9quentes sur les filtres | Murprotec | Boutique en ligne\" \/>\n<meta property=\"og:description\" content=\"Murprotec r\u00e9pond aux questions les plus fr\u00e9quemment pos\u00e9es pour vous. Parcourez notre FAQ. Vous y trouverez peut-\u00eatre la r\u00e9ponse \u00e0 votre question.\u00a0\" \/>\n<meta property=\"og:url\" content=\"https:\/\/shop.murprotec.be\/fr\/foire-aux-questions\/\" \/>\n<meta property=\"og:site_name\" content=\"Murprotec\" \/>\n<meta property=\"article:modified_time\" content=\"2024-01-31T14:44:50+00:00\" \/>\n<meta name=\"twitter:card\" content=\"summary_large_image\" \/>\n<script type=\"application\/ld+json\" class=\"yoast-schema-graph\">{\"@context\":\"https:\/\/schema.org\",\"@graph\":[{\"@type\":\"WebPage\",\"@id\":\"https:\/\/shop.murprotec.be\/fr\/foire-aux-questions\/\",\"url\":\"https:\/\/shop.murprotec.be\/fr\/foire-aux-questions\/\",\"name\":\"Questions fr\u00e9quentes sur les filtres | Murprotec | Boutique en ligne\",\"isPartOf\":{\"@id\":\"https:\/\/shop.murprotec.be\/fr\/#website\"},\"datePublished\":\"2021-04-09T13:24:16+00:00\",\"dateModified\":\"2024-01-31T14:44:50+00:00\",\"description\":\"Murprotec r\u00e9pond aux questions les plus fr\u00e9quemment pos\u00e9es pour vous. Parcourez notre FAQ. Vous y trouverez peut-\u00eatre la r\u00e9ponse \u00e0 votre question.\u00a0\",\"inLanguage\":\"fr-BE\",\"potentialAction\":[{\"@type\":\"ReadAction\",\"target\":[\"https:\/\/shop.murprotec.be\/fr\/foire-aux-questions\/\"]}]},{\"@type\":\"WebSite\",\"@id\":\"https:\/\/shop.murprotec.be\/fr\/#website\",\"url\":\"https:\/\/shop.murprotec.be\/fr\/\",\"name\":\"Murprotec\",\"description\":\"Just another WordPress site\",\"potentialAction\":[{\"@type\":\"SearchAction\",\"target\":{\"@type\":\"EntryPoint\",\"urlTemplate\":\"https:\/\/shop.murprotec.be\/fr\/?s={search_term_string}\"},\"query-input\":{\"@type\":\"PropertyValueSpecification\",\"valueRequired\":true,\"valueName\":\"search_term_string\"}}],\"inLanguage\":\"fr-BE\"}]}<\/script>\n<!-- \/ Yoast SEO plugin. -->","yoast_head_json":{"title":"Questions fr\u00e9quentes sur les filtres | Murprotec | Boutique en ligne","description":"Murprotec r\u00e9pond aux questions les plus fr\u00e9quemment pos\u00e9es pour vous. Parcourez notre FAQ. Vous y trouverez peut-\u00eatre la r\u00e9ponse \u00e0 votre question.\u00a0","robots":{"index":"index","follow":"follow","max-snippet":"max-snippet:-1","max-image-preview":"max-image-preview:large","max-video-preview":"max-video-preview:-1"},"canonical":"https:\/\/shop.murprotec.be\/fr\/foire-aux-questions\/","og_locale":"fr_FR","og_type":"article","og_title":"Questions fr\u00e9quentes sur les filtres | Murprotec | Boutique en ligne","og_description":"Murprotec r\u00e9pond aux questions les plus fr\u00e9quemment pos\u00e9es pour vous. Parcourez notre FAQ. Vous y trouverez peut-\u00eatre la r\u00e9ponse \u00e0 votre question.\u00a0","og_url":"https:\/\/shop.murprotec.be\/fr\/foire-aux-questions\/","og_site_name":"Murprotec","article_modified_time":"2024-01-31T14:44:50+00:00","twitter_card":"summary_large_image","schema":{"@context":"https:\/\/schema.org","@graph":[{"@type":"WebPage","@id":"https:\/\/shop.murprotec.be\/fr\/foire-aux-questions\/","url":"https:\/\/shop.murprotec.be\/fr\/foire-aux-questions\/","name":"Questions fr\u00e9quentes sur les filtres | Murprotec | Boutique en ligne","isPartOf":{"@id":"https:\/\/shop.murprotec.be\/fr\/#website"},"datePublished":"2021-04-09T13:24:16+00:00","dateModified":"2024-01-31T14:44:50+00:00","description":"Murprotec r\u00e9pond aux questions les plus fr\u00e9quemment pos\u00e9es pour vous. Parcourez notre FAQ. Vous y trouverez peut-\u00eatre la r\u00e9ponse \u00e0 votre question.\u00a0","inLanguage":"fr-BE","potentialAction":[{"@type":"ReadAction","target":["https:\/\/shop.murprotec.be\/fr\/foire-aux-questions\/"]}]},{"@type":"WebSite","@id":"https:\/\/shop.murprotec.be\/fr\/#website","url":"https:\/\/shop.murprotec.be\/fr\/","name":"Murprotec","description":"Just another WordPress site","potentialAction":[{"@type":"SearchAction","target":{"@type":"EntryPoint","urlTemplate":"https:\/\/shop.murprotec.be\/fr\/?s={search_term_string}"},"query-input":{"@type":"PropertyValueSpecification","valueRequired":true,"valueName":"search_term_string"}}],"inLanguage":"fr-BE"}]}},"_links":{"self":[{"href":"https:\/\/shop.murprotec.be\/fr\/wp-json\/wp\/v2\/pages\/548","targetHints":{"allow":["GET"]}}],"collection":[{"href":"https:\/\/shop.murprotec.be\/fr\/wp-json\/wp\/v2\/pages"}],"about":[{"href":"https:\/\/shop.murprotec.be\/fr\/wp-json\/wp\/v2\/types\/page"}],"author":[{"embeddable":true,"href":"https:\/\/shop.murprotec.be\/fr\/wp-json\/wp\/v2\/users\/28"}],"replies":[{"embeddable":true,"href":"https:\/\/shop.murprotec.be\/fr\/wp-json\/wp\/v2\/comments?post=548"}],"version-history":[{"count":11,"href":"https:\/\/shop.murprotec.be\/fr\/wp-json\/wp\/v2\/pages\/548\/revisions"}],"predecessor-version":[{"id":1698,"href":"https:\/\/shop.murprotec.be\/fr\/wp-json\/wp\/v2\/pages\/548\/revisions\/1698"}],"wp:attachment":[{"href":"https:\/\/shop.murprotec.be\/fr\/wp-json\/wp\/v2\/media?parent=548"}],"curies":[{"name":"wp","href":"https:\/\/api.w.org\/{rel}","templated":true}]}}